{"id":2319,"date":"2025-10-09T14:20:19","date_gmt":"2025-10-09T19:20:19","guid":{"rendered":"https:\/\/dev.egt.com.co\/ivin_elementor\/?page_id=2319"},"modified":"2025-10-09T14:30:08","modified_gmt":"2025-10-09T19:30:08","slug":"politica-de-tratamiento-de-datos","status":"publish","type":"page","link":"https:\/\/dev.egt.com.co\/ivin_elementor\/politica-de-tratamiento-de-datos\/","title":{"rendered":"Pol\u00edtica de tratamiento de datos"},"content":{"rendered":"\t\t<div data-elementor-type=\"wp-page\" data-elementor-id=\"2319\" class=\"elementor elementor-2319\" data-elementor-post-type=\"page\">\n\t\t\t\t<div class=\"elementor-element elementor-element-40c1800 e-flex e-con-boxed e-con e-parent\" data-id=\"40c1800\" data-element_type=\"container\" data-settings=\"{&quot;background_background&quot;:&quot;classic&quot;}\">\n\t\t\t\t\t<div class=\"e-con-inner\">\n\t\t<div class=\"elementor-element elementor-element-0cbda6c e-con-full e-flex e-con e-child\" data-id=\"0cbda6c\" data-element_type=\"container\">\n\t\t\t\t<div class=\"elementor-element elementor-element-d0c6ffd elementor-widget elementor-widget-heading\" data-id=\"d0c6ffd\" data-element_type=\"widget\" data-widget_type=\"heading.default\">\n\t\t\t\t\t<h1 class=\"elementor-heading-title elementor-size-default\">Pol\u00edtica de tratamiento de datos<\/h1>\t\t\t\t<\/div>\n\t\t\t\t<\/div>\n\t\t\t\t\t<\/div>\n\t\t\t\t<\/div>\n\t\t<div class=\"elementor-element elementor-element-63f63d9 e-flex e-con-boxed e-con e-parent\" data-id=\"63f63d9\" data-element_type=\"container\">\n\t\t\t\t\t<div class=\"e-con-inner\">\n\t\t\t\t<div class=\"elementor-element elementor-element-404b4f4 elementor-widget elementor-widget-text-editor\" data-id=\"404b4f4\" data-element_type=\"widget\" data-widget_type=\"text-editor.default\">\n\t\t\t\t\t\t\t\t\t<div class=\"elementor-element elementor-element-be507c2 elementor-widget elementor-widget-text-editor\" data-id=\"be507c2\" data-element_type=\"widget\" data-widget_type=\"text-editor.default\"><div class=\"elementor-widget-container\"><h3>INFORMACI\u00d3N GENERAL<\/h3><p>Con la autorizaci\u00f3n del tratamiento de datos personales el titular de los mismos acepta los t\u00e9rminos de la presente pol\u00edtica. BRICCON S.A.S., es respetuosa de los datos personales e informaci\u00f3n que le suministran sus clientes. En la presente Pol\u00edtica de Privacidad, se establecen las finalidades, medidas y procedimientos para la recolecci\u00f3n, almacenamiento, uso, circulaci\u00f3n y supresi\u00f3n de nuestras bases de datos, as\u00ed como los mecanismos con que cuentan los titulares para conocer, actualizar, rectificar, suprimir los datos suministrados o revocar la autorizaci\u00f3n.<\/p><p>La presente pol\u00edtica aplica para cualquier registro de datos personales realizado en forma presencial y\/o virtual durante cualquier contacto que se realice entre los clientes y BRICCON S.A.S. El titular del dato registra o entrega su informaci\u00f3n de manera libre y voluntaria, y reconoce que ha le\u00eddo y acepta expresamente los presentes t\u00e9rminos.<\/p><h3>INFORMACI\u00d3N DEL RESPONSABLE DE TRATAMIENTO DE DATOS PERSONALES<\/h3><p>Responsables del Tratamiento de Datos Personales: BRICCON S.A.S.<br \/>Nit. 830.110.454-3<br \/>Direcci\u00f3n: Calle 56 No. 7 \u2013 85 Oficina 401 Bogot\u00e1 D. C.<br \/>Tel\u00e9fono: 368 12 37<br \/>Correo electr\u00f3nico: z.saenz@briccon.com<\/p><h3>MARCO LEGAL<\/h3><p>La legislaci\u00f3n nacional vigente en materia de protecci\u00f3n de datos personales est\u00e1 contenida en la Ley 1581 de 2012, el Decreto 1377 de 2013 y la Ley 1266 de 2008 y las normas que lo modifiquen o complementen.<\/p><h3>OBJETO<\/h3><p>Garantizar el derecho constitucional que tienen todas las personas a conocer, actualizar y rectificar las informaciones que se hayan recogido sobre ellas en las bases de datos o archivos que posee BRICCON S.A.S. La pol\u00edtica ser\u00e1 aplicable a los datos personales registrados en las bases de datos de Personal, Proveedores y Clientes que sean susceptibles de Tratamiento por parte de BRICCON S.A.S.<\/p><h3>DEFINICIONES<\/h3><p>Los t\u00e9rminos relevantes de esta Pol\u00edtica de Tratamiento de la Informaci\u00f3n tendr\u00e1n el significado que a continuaci\u00f3n se le asigna, o aquel que precede al t\u00e9rmino entre comillas dentro del par\u00e9ntesis.<\/p><p><strong>Autorizado:<\/strong> Son aquellas personas que pueden ejercer los derechos del Titular, tales como:<\/p><p>\u2713 El Titular, acreditando su identidad por los medios que tenga a su disposici\u00f3n<br \/>\u2713 Los causahabientes que acrediten esa calidad<br \/>\u2713 El representante y\/o apoderado, acredit\u00e1ndose mediante apoderamiento o representaci\u00f3n legal<br \/>\u2713 Aquellos que por estipulaci\u00f3n a favor de otro o para otro est\u00e9n acreditados.<\/p><p><strong>Aviso de privacidad:<\/strong> Es la comunicaci\u00f3n verbal o escrita generada por BRICCON S.A.S., dirigida a los Titulares, para informarles acerca de la existencia de la presente Pol\u00edtica, sus finalidades y la forma de acceder a ella autorizando el Tratamiento de sus Datos Personales para las finalidades y en los t\u00e9rminos de esta Pol\u00edtica.<\/p><p><strong>Base de Datos:<\/strong> Conjunto organizado de Datos Personales que sean recolectados y tratados por BRICCON S.A.S.<\/p><p><strong>Dato Privado:<\/strong> aquel que por su naturaleza \u00edntima o reservada s\u00f3lo es relevante para el Titular.<\/p><p><strong>Datos Personales:<\/strong> Es cualquier informaci\u00f3n vinculada o que pueda asociarse a una o varias personas naturales determinadas o determinables. Adicionalmente, el Dato Personal debe permitir, en mayor o menor medida, la identificaci\u00f3n del Titular. Estos incluyen pero no se limitan a nombre, apellido, correo electr\u00f3nico, tel\u00e9fono, direcci\u00f3n y cualquier informaci\u00f3n vinculada al Titular.<\/p><p><strong>Datos Sensibles:<\/strong> Es aquel que afecta la intimidad del Titular y cuyo Tratamiento puede generar discriminaci\u00f3n, tales como aquellos que revelen el origen racial o \u00e9tnico, pertenencia a sindicatos, ideolog\u00eda pol\u00edtica, religiosa o filos\u00f3fica, datos sobre la salud y datos biom\u00e9tricos.<\/p><p><strong>Encargado:<\/strong> Es la persona natural o jur\u00eddica, p\u00fablica o privada, que por s\u00ed o en asocio con otros realiza el Tratamiento de Datos Personales<\/p><p><strong>Pol\u00edtica de Tratamiento de la Informaci\u00f3n:<\/strong> Es el presente documento, que contiene los lineamientos del Tratamiento de Datos Personales que surjan en cualquier tipo de Tratamiento que realice BRICCON S.A.S. sobre los Datos Personales. Particularmente, este documento incluye las finalidades, los tipos de Tratamiento, los derechos de los Titulares, los procedimientos para garantizar esos derechos y las personas dentro de BRICCON S.A.S. encargadas de atender las consultas y\/o reclamos.<\/p><p><strong>Portales:<\/strong> Son la p\u00e1gina web de BRICCON S.A.S. y todas aquellas p\u00e1ginas generadas para la comercializaci\u00f3n de cada uno de los proyectos inmobiliarios de BRICCON S.A.S. por medio de las cuales se recolectan Datos Personales con el fin de brindar informaci\u00f3n de los proyectos inmobiliarios disponibles para venta y otras ofertas comerciales.<\/p><p><strong>Punto de venta:<\/strong> Es el lugar ubicado en lotes de proyectos, oficinas y otros lugares p\u00fablicos donde BRICCON S.A.S. tiene atenci\u00f3n a los potenciales clientes para proveerles informaci\u00f3n sobre la venta de proyectos inmobiliarios. En el Punto de Venta de BRICCON S.A.S. se recolectan Datos Personales de potenciales clientes<\/p><p><strong>Responsable:<\/strong> Es la persona natural o jur\u00eddica, p\u00fablica o privada, que por s\u00ed misma o en asocio con otros, decida sobre la Base de Datos, el Tratamiento de los Datos Personales y\/o los fines y condiciones del Tratamiento. Para estos efectos, el Responsable ser\u00e1 BRICCON S.A.S., quien a pesar de que eventualmente encargue el Tratamiento de los Datos Personales a un tercero, conservar\u00e1 la propiedad y decisi\u00f3n sobre las finalidades y usos de las Bases de Datos.<\/p><p><strong>R\u00e9gimen General de Protecci\u00f3n de Datos Personales:<\/strong> Es el conjunto de normas que regulan el Tratamiento de Datos Personales en el territorio colombiano tales como, el art\u00edculo 15 de la Constituci\u00f3n Pol\u00edtica colombiana; la Ley 1581 de 2012; el Decreto 1377 de 2013; la Sentencia C-748 de 2011, y las dem\u00e1s normas que las modifiquen o adicionen.<\/p><p><strong>Titular:<\/strong> Es el empleado, cliente, proveedor, contratista, usuario de las p\u00e1ginas web o de los Portales o cualquier persona natural determinada o determinable cuya informaci\u00f3n y Datos Personales sean tratados por BRICCON S.A.S.<\/p><p><strong>Tratamiento:<\/strong> Es cualquier operaci\u00f3n o conjunto de operaciones sobre Datos Personales, tales como la recolecci\u00f3n, administraci\u00f3n, almacenamiento, uso, circulaci\u00f3n, transmisi\u00f3n, transferencia o supresi\u00f3n.<\/p><p>BRICCON S.A.S. se compromete a llevar a cabo todo Tratamiento de Datos Personales de acuerdo con los siguientes principios, los cuales no s\u00f3lo aplicar\u00e1n a la informaci\u00f3n de car\u00e1cter personal, sino tambi\u00e9n a la informaci\u00f3n que no quede cobijada directamente por el R\u00e9gimen General de Protecci\u00f3n de Datos Personales.<\/p><p><strong>Circulaci\u00f3n Restringida:<\/strong> El Tratamiento de Datos Personales s\u00f3lo se llevar\u00e1 a cabo por el personal autorizado por BRICCON S.A.S. o por terceros que deber\u00e1n someterse a los lineamientos, obligaciones y finalidades consignadas en la presente Pol\u00edtica.<\/p><p><strong>Confidencialidad:<\/strong> El Tratamiento de la informaci\u00f3n se sujetar\u00e1 a la confidencialidad que deber\u00e1n guardar todos aquellos que tengan acceso o puedan manipular los Datos Personales. Este principio no s\u00f3lo estar\u00e1 vigente durante la relaci\u00f3n con el Titular, sino incluso despu\u00e9s de ella. \u00danicamente se podr\u00e1 comunicar o suministrar la informaci\u00f3n cuando el ejercicio laboral o una obligaci\u00f3n legal o contractual as\u00ed lo exija.<\/p><p><strong>Finalidad:<\/strong> El Tratamiento obedecer\u00e1 a una finalidad leg\u00edtima de acuerdo con la Constituci\u00f3n Pol\u00edtica de Colombia, las leyes aplicables y dem\u00e1s normas que las desarrollen, la cual ser\u00e1 debidamente informada a los Titulares.<\/p><p><strong>Libertad:<\/strong> El Tratamiento se ejercer\u00e1 \u00fanicamente con el consentimiento previo, expreso e informado del Titular. Los Datos Personales que sean recolectados sin el mencionado consentimiento estar\u00e1n autorizados por la Ley o por la implementaci\u00f3n de mecanismos eficientes de comunicaci\u00f3n, sin perjuicio de la solicitud de supresi\u00f3n de los Datos Personales que eventualmente pueda ser elevada por el Titular y que proceda por no mediar una obligaci\u00f3n legal o contractual que lo impida.<\/p><p><strong>Seguridad:<\/strong> El Tratamiento de la informaci\u00f3n se sujetar\u00e1 a medidas f\u00edsicas y tecnol\u00f3gicas de seguridad para evitar el acceso no autorizado a los Datos Personales o la adulteraci\u00f3n o p\u00e9rdida de estos.<\/p><p><strong>Transparencia:<\/strong> BRICCON S.A.S. adoptar\u00e1 los est\u00e1ndares de transparencia necesarios para que el Titular siempre pueda acceder a sus Datos Personales y tenga conocimiento pleno e informaci\u00f3n completa sobre sus Datos Personales y los usos que se le est\u00e9n dando a los mismos.<\/p><p><strong>Veracidad:<\/strong> La informaci\u00f3n sometida a Tratamiento buscar\u00e1 ser un fiel reflejo de la realidad, raz\u00f3n por la cual se implementar\u00e1n medidas para mantener la informaci\u00f3n actualizada y completa, y evitar datos o fragmentos que induzcan al error.<\/p><h3>FINALIDAD<\/h3><p>BRICCON S.A.S., en el desarrollo de sus actividades comerciales, administrativas y de mercadeo recolecta, utiliza, almacena, transmite y transfiere, entre otros, Datos Personales para las siguientes actividades: Enviar informaci\u00f3n comercial a clientes y potenciales clientes para ofertas de los proyectos inmobiliarios, nuevos, en ejecuci\u00f3n o terminados.<\/p><ol><li>Realizar campa\u00f1as de mercadeo y publicidad de los inmuebles que administra, arrienda y vende, y de los proyectos inmobiliarios que Gerencia y comercializa.<\/li><li>Desarrollar y administrar los procedimientos internos para el manejo de contratistas, clientes y proveedores dentro de las finalidades autorizadas por los Titulares.<\/li><li>Almacenar y administrar la Base de Datos de clientes o usuarios para transferirla eventualmente a aliados comerciales.<\/li><li>Procesos para la operaci\u00f3n y sistemas tecnol\u00f3gicos de BRICCON S.A.S., o para la operaci\u00f3n de estos por terceros autorizados.<\/li><li>Realizar todos los registros tributarios, contables o comerciales necesarios para la ejecuci\u00f3n y desarrollo de las actividades y objeto social de BRICCON S.A.S.<\/li><li>Realizar actualizaciones de Datos Personales y enviar comunicaciones a los Titulares para informar modificaciones sustanciales en la Pol\u00edtica de Tratamiento.<\/li><li>Ejecutar contratos de corretaje inmobiliario, as\u00ed como de asesor\u00eda y comercializaci\u00f3n de los inmuebles de clientes de BRICCON S.A.S.<\/li><li>La gesti\u00f3n, estructuraci\u00f3n y gerencia de proyectos inmobiliarios y actividades asociadas con las del impulso de proyectos dentro de un mercado relevante.<\/li><li>La administraci\u00f3n de los canales de servicio al cliente.<\/li><li>Enviar comunicaciones, informaci\u00f3n sobre la programaci\u00f3n, encuestas de satisfacci\u00f3n al cliente y cualquier otro tipo de mercadeo de los servicios prestados por BRICCON S.A.S.<\/li><li>Administraci\u00f3n del recurso humano de BRICCON S.A.S., incluyendo procesos de contrataci\u00f3n, n\u00f3mina, capacitaciones y realizar otras actividades de bienestar de los empleados.<\/li><li>Transmitir o transferir los Datos Personales, dentro o fuera del territorio nacional, independientemente de los est\u00e1ndares de protecci\u00f3n del pa\u00eds receptor, asegurando que haya un sometimiento a los lineamientos de esta pol\u00edtica.<\/li><li>Realizar el proceso de contrataci\u00f3n, afiliaciones y pagos al sistema general de seguridad social, liquidaci\u00f3n y pagos de n\u00f3mina, registros contables, expedici\u00f3n de certificados laborales y confirmaci\u00f3n de estos.<\/li><li>Llevar a cabo el proceso licitatorio de compras de materiales y\/o contrataci\u00f3n de servicios requeridos a proveedores y contratistas debidamente seleccionados, los datos ser\u00e1n procesados y utilizados para realizar cuadros comparativos, requisiciones, \u00f3rdenes de servicio, \u00f3rdenes de compra, contratos de obra civil, contratos de prestaci\u00f3n de servicios, adquisici\u00f3n de p\u00f3lizas, registros contables para causaci\u00f3n y pagos de facturas y\/o cuentas de cobro.<\/li><li>Manejo de informaci\u00f3n relacionada con informes de los trabajos contratados, p\u00f3lizas facturaci\u00f3n, registros contables para causaci\u00f3n y cobro de facturas, actas de entrega y dosieres.<\/li><\/ol><h3>DERECHOS QUE LE ASISTEN COMO TITULAR<\/h3><ol><li>Conocer, actualizar y rectificar los datos, este derecho se podr\u00e1 ejercer, entre otros frente a datos parciales, inexactos, incompletos, fraccionados, que induzcan a error, o aquellos cuyo tratamiento est\u00e9 expresamente prohibido o no haya sido autorizado.<\/li><li>Solicitar prueba de la autorizaci\u00f3n otorgada, o cualquier otra que suscriba el titular de los Datos Personales.<\/li><li>Ser informado por BRICCON S.A.S., respecto del uso que les ha dado a los datos.<\/li><li>Presentar ante la Autoridad Competente quejas por infracciones a lo dispuesto en la ley y las dem\u00e1s normas que la modifiquen, adicionen o complementen.<\/li><li>Revocar la autorizaci\u00f3n y\/o solicitar la supresi\u00f3n del dato cuando en el tratamiento no se respeten los principios, derechos y garant\u00edas constitucionales y legales. La revocatoria y\/o supresi\u00f3n proceder\u00e1 cuando la Autoridad Competente haya determinado que en el Tratamiento que le est\u00e1 dando el responsable BRICCON S.A.S., ha incurrido en conductas contrarias a la ley y a la Constituci\u00f3n. La revocatoria proceder\u00e1 siempre y cuando no exista la obligaci\u00f3n legal o contractual de conservar el dato personal.<\/li><li>Acceder en forma gratuita a los Datos Personales que hayan sido objeto de Tratamiento.<\/li><\/ol><h3>DERECHO DE HABEAS DATA DE LOS TITULARES<\/h3><p>Esta Pol\u00edtica informar\u00e1 y garantizar\u00e1 el derecho al Habeas Data de los Titulares como la facultad que tiene el Titular de Datos Personales de exigir a los Responsables de los Datos Personales el acceso, inclusi\u00f3n, exclusi\u00f3n, correcci\u00f3n, adici\u00f3n, actualizaci\u00f3n y certificaci\u00f3n de los datos. En este sentido, y de acuerdo con el R\u00e9gimen General de Protecci\u00f3n de Datos Personales, el Titular tiene los siguientes derechos:<\/p><ol><li>Conocer, actualizar, modificar y rectificar los Datos Personales frente a los Responsables o Encargados del Tratamiento de manera gratuita, de acuerdo con lo se\u00f1alado en el art\u00edculo 21 del Decreto 1377 de 2013.<\/li><li>Solicitar prueba de la autorizaci\u00f3n otorgada a BRICCON S.A.S. o, en su defecto, la implementaci\u00f3n del mecanismo eficiente o alterno de comunicaci\u00f3n, de conformidad con el art\u00edculo 10 del Decreto 1377 de 2013. Esta autorizaci\u00f3n puede ser otorgada de manera verbal, escrita o por medio de conductas concluyentes como a trav\u00e9s de un clic aceptando las condiciones y t\u00e9rminos de uso de la p\u00e1gina web y de esta Pol\u00edtica en caso de los usuarios, por lo cual dicha copia puede ser un pantallazo u otro medio que pruebe el otorgamiento de la autorizaci\u00f3n.<\/li><li>Solicitar informaci\u00f3n sobre los usos y las finalidades a las que est\u00e1n siendo sometidos sus Datos Personales.<\/li><li>Presentar quejas por infracciones ante la Superintendencia de Industria y Comercio en materia de Datos Personales, previa solicitud a BRICCON S.A.S. o el Encargado del Tratamiento de los Datos Personales.<\/li><li>Revocar la autorizaci\u00f3n y\/o solicitar la supresi\u00f3n de sus Datos Personales y su almacenamiento en bases de datos de BRICCON S.A.S., siempre y cuando no exista un deber legal o contractual que impida el ejercicio de este derecho de supresi\u00f3n.<\/li><li>Acceder en forma gratuita a los Datos Personales de su dominio, que hayan sido recolectados por parte de BRICCON S.A.S.<\/li><\/ol><h3>RESPONSABLE DE LA ATENCI\u00d3N DE PETICIONES, CONSULTAS Y RECLAMOS.<\/h3><p>Las peticiones, consultas y reclamos formulados por los titulares de los Datos Personales bajo Tratamiento de BRICCON S.A.S. para el ejercicio de su derecho a conocer, actualizar, rectificar y suprimir datos, o revocar la autorizaci\u00f3n deber\u00e1n ser dirigidas a:<\/p><h4>Encargada de peticiones, consultas y reclamos.<\/h4><p>El \u00e1rea encargada de atender las peticiones, consultas y reclamos de los titulares para ejercer sus derechos a conocer, actualizar, rectificar y suprimir sus datos y revocar su autorizaci\u00f3n es la Direcci\u00f3n jur\u00eddica.<\/p><p>\u00c1rea: Jur\u00eddica<br \/>Direcci\u00f3n: Calle 56 No. 7 \u2013 85 Oficina. 402<br \/>Tel\u00e9fono: 368 12 37<br \/>Correo electr\u00f3nico: z.saenz@briccon.com<\/p><h4>El procedimiento para ejercer sus derechos.<\/h4><p>Para el ejercicio de sus derechos, el titular deber\u00e1 enviar un correo electr\u00f3nico o enviar un documento f\u00edsico por correo certificado a las direcciones de contacto establecidas en la presente Pol\u00edtica de Privacidad.<\/p><h4>Peticiones y Consultas Sobre Datos Personales.<\/h4><p>Cuando el titular de los datos o sus causahabientes deseen consultar la informaci\u00f3n que reposa en la base de datos, deber\u00e1n realizar la solicitud por escrito a trav\u00e9s de alguno de los canales dispuestos por BRICCON S.A.S., qui\u00e9n responder\u00e1 la solicitud en plazo de m\u00e1ximo diez (10) d\u00edas h\u00e1biles. La solicitud deber\u00e1 realizarse con el nombre completo del titular, la descripci\u00f3n de los hechos que dan lugar a la solicitud, la direcci\u00f3n de residencia o de correo electr\u00f3nico, el tel\u00e9fono de contacto y se deben anexar los documentos que se quiera hacer valer. En cumplimiento a lo dispuesto en la Ley 1581 de 2012, cuando no fuere posible atender la consulta dentro de dicho t\u00e9rmino, se informar\u00e1 al usuario, se le expresar\u00e1 los motivos de la demora y se le se\u00f1alar\u00e1 la fecha en que se atender\u00e1 su consulta, la cual no podr\u00e1 superar los cinco (5) d\u00edas h\u00e1biles siguientes al vencimiento del primer t\u00e9rmino.<\/p><h4>Revocaci\u00f3n de autorizaci\u00f3n, retiro o supresi\u00f3n de la Base de Datos y reclamos sobre datos personales.<\/h4><p>Cuando el titular de los datos o sus causahabientes consideren que la informaci\u00f3n contenida en las bases de datos debe ser objeto de correcci\u00f3n, actualizaci\u00f3n o supresi\u00f3n, o cuando adviertan el presunto incumplimiento de cualquiera de los deberes contenidos en la Ley 1581 de 2012, podr\u00e1n presentar un reclamo ante BRICCON S.A.S., mediante solicitud dirigida a BRICCON S.A.S., donde se deber\u00e1 identificar plenamente al titular, deber\u00e1 describir los hechos que dan lugar a dicho reclamo, deber\u00e1 incluir los datos de notificaci\u00f3n del titular o interesado del retiro o suspensi\u00f3n de la base de datos.<\/p><p>El titular de los datos personales tiene el derecho de solicitar a BRICCON S.A.S. su supresi\u00f3n (eliminaci\u00f3n) en cualquiera de los siguientes eventos:<\/p><ul><li>Considere que los mismos no est\u00e1n siendo tratados conforme a los principios, deberes y obligaciones previstas en la normatividad vigente.<\/li><li>Hayan dejado de ser necesarios o pertinentes para la finalidad para la cual fueron recabados.<\/li><li>Se haya superado el periodo necesario para el cumplimiento de los fines para los que fueron recabados.<\/li><\/ul><p>BRICCON S.A.S. podr\u00e1 negar el ejercicio del mismo cuando:<\/p><ul><li>El titular tenga un deber legal o contractual de permanecer en la base de datos.<\/li><li>La eliminaci\u00f3n de datos obstaculice actuaciones judiciales o administrativas vinculadas a obligaciones fiscales, la investigaci\u00f3n y persecuci\u00f3n de delitos o la actualizaci\u00f3n de sanciones administrativas.<\/li><li>Los datos sean necesarios para proteger los intereses jur\u00eddicamente tutelados del titular; para realizar una acci\u00f3n en funci\u00f3n del inter\u00e9s p\u00fablico, o para cumplir con una obligaci\u00f3n legalmente adquirida por el titular.<\/li><\/ul><p>Cuando no fuere posible atender el reclamo dentro de dicho t\u00e9rmino, se informar\u00e1 al Titular los motivos de la demora y la fecha en que se atender\u00e1 su reclamo, la cual en ning\u00fan caso podr\u00e1 superar los ocho (8) d\u00edas h\u00e1biles siguientes al vencimiento del primer t\u00e9rmino.<\/p><h3>VIGENCIA<\/h3><p>Los datos personales incorporados en la Base de Datos estar\u00e1n vigentes durante el plazo necesario para cumplir sus finalidades. Una vez se cumpla(n) esa(s) finalidad(es) y siempre que no exista un deber legal o contractual de conservar su informaci\u00f3n, los datos ser\u00e1n eliminados de nuestras Bases de Datos.<\/p><h3>CAMBIOS EN LA POL\u00cdTICA DE PRIVACIDAD<\/h3><p>BRICCON S.A.S. se reserva la facultad de modificar, en cualquier momento y de manera unilateral, su pol\u00edtica y sus procedimientos de tratamiento de datos personales. Cualquier cambio sustancial en las pol\u00edticas de Tratamiento, ser\u00e1 comunicado oportunamente a los Titulares mediante la publicaci\u00f3n en nuestros portales web.<\/p><h3>REVELACI\u00d3N DE LA INFORMACI\u00d3N<\/h3><p>El Titular, con la aceptaci\u00f3n de esta pol\u00edtica de tratamiento de datos personales, declara conocer que BRICCON S.A.S. puede suministrar esta informaci\u00f3n a las entidades judiciales y\/o administrativas y dem\u00e1s entes del Estado que, en ejercicio de sus funciones, soliciten esta informaci\u00f3n o cuando medie orden judicial. Igualmente, acepta que pueden ser objeto de procesos de auditor\u00eda interna o de auditor\u00eda externa por parte de empresas encargadas de este tipo de control. Lo anterior, sujeto a la confidencialidad de la informaci\u00f3n.<\/p><\/div><\/div>\t\t\t\t\t\t\t\t<\/div>\n\t\t\t\t\t<\/div>\n\t\t\t\t<\/div>\n\t\t\t\t<\/div>\n\t\t","protected":false},"excerpt":{"rendered":"<p>Pol\u00edtica de tratamiento de datos INFORMACI\u00d3N GENERAL Con la autorizaci\u00f3n del tratamiento de datos personales el titular de los mismos acepta los t\u00e9rminos de la presente pol\u00edtica. BRICCON S.A.S., es respetuosa de los datos personales e informaci\u00f3n que le suministran sus clientes. En la presente Pol\u00edtica de Privacidad, se establecen las finalidades, medidas y procedimientos [&hellip;]<\/p>\n","protected":false},"author":1,"featured_media":0,"parent":0,"menu_order":0,"comment_status":"closed","ping_status":"closed","template":"","meta":{"_acf_changed":false,"footnotes":""},"class_list":["post-2319","page","type-page","status-publish","hentry"],"acf":[],"_links":{"self":[{"href":"https:\/\/dev.egt.com.co\/ivin_elementor\/wp-json\/wp\/v2\/pages\/2319","targetHints":{"allow":["GET"]}}],"collection":[{"href":"https:\/\/dev.egt.com.co\/ivin_elementor\/wp-json\/wp\/v2\/pages"}],"about":[{"href":"https:\/\/dev.egt.com.co\/ivin_elementor\/wp-json\/wp\/v2\/types\/page"}],"author":[{"embeddable":true,"href":"https:\/\/dev.egt.com.co\/ivin_elementor\/wp-json\/wp\/v2\/users\/1"}],"replies":[{"embeddable":true,"href":"https:\/\/dev.egt.com.co\/ivin_elementor\/wp-json\/wp\/v2\/comments?post=2319"}],"version-history":[{"count":4,"href":"https:\/\/dev.egt.com.co\/ivin_elementor\/wp-json\/wp\/v2\/pages\/2319\/revisions"}],"predecessor-version":[{"id":2331,"href":"https:\/\/dev.egt.com.co\/ivin_elementor\/wp-json\/wp\/v2\/pages\/2319\/revisions\/2331"}],"wp:attachment":[{"href":"https:\/\/dev.egt.com.co\/ivin_elementor\/wp-json\/wp\/v2\/media?parent=2319"}],"curies":[{"name":"wp","href":"https:\/\/api.w.org\/{rel}","templated":true}]}}