{"id":2372,"date":"2025-10-10T15:25:45","date_gmt":"2025-10-10T20:25:45","guid":{"rendered":"https:\/\/dev.egt.com.co\/ivin_elementor\/?page_id=2372"},"modified":"2025-10-13T13:23:33","modified_gmt":"2025-10-13T18:23:33","slug":"preguntas-frecuentes","status":"publish","type":"page","link":"https:\/\/dev.egt.com.co\/ivin_elementor\/preguntas-frecuentes\/","title":{"rendered":"Preguntas frecuentes"},"content":{"rendered":"\t\t<div data-elementor-type=\"wp-page\" data-elementor-id=\"2372\" class=\"elementor elementor-2372\" data-elementor-post-type=\"page\">\n\t\t\t\t<div class=\"elementor-element elementor-element-516767b e-flex e-con-boxed e-con e-parent\" data-id=\"516767b\" data-element_type=\"container\" data-settings=\"{&quot;background_background&quot;:&quot;classic&quot;}\">\n\t\t\t\t\t<div class=\"e-con-inner\">\n\t\t<div class=\"elementor-element elementor-element-fa43039 e-con-full e-flex e-con e-child\" data-id=\"fa43039\" data-element_type=\"container\">\n\t\t\t\t<div class=\"elementor-element elementor-element-c34e56b elementor-widget elementor-widget-heading\" data-id=\"c34e56b\" data-element_type=\"widget\" data-widget_type=\"heading.default\">\n\t\t\t\t\t<h1 class=\"elementor-heading-title elementor-size-default\">Preguntas frecuentes<\/h1>\t\t\t\t<\/div>\n\t\t\t\t<\/div>\n\t\t\t\t\t<\/div>\n\t\t\t\t<\/div>\n\t\t<div class=\"elementor-element elementor-element-1a37379 e-flex e-con-boxed e-con e-parent\" data-id=\"1a37379\" data-element_type=\"container\">\n\t\t\t\t\t<div class=\"e-con-inner\">\n\t\t\t\t<div class=\"elementor-element elementor-element-adb2ab8 elementor-widget elementor-widget-n-accordion\" data-id=\"adb2ab8\" data-element_type=\"widget\" data-settings=\"{&quot;default_state&quot;:&quot;expanded&quot;,&quot;max_items_expended&quot;:&quot;one&quot;,&quot;n_accordion_animation_duration&quot;:{&quot;unit&quot;:&quot;ms&quot;,&quot;size&quot;:400,&quot;sizes&quot;:[]}}\" data-widget_type=\"nested-accordion.default\">\n\t\t\t\t\t\t\t<div class=\"e-n-accordion\" aria-label=\"Accordion. Open links with Enter or Space, close with Escape, and navigate with Arrow Keys\">\n\t\t\t\t\t\t<details id=\"e-n-accordion-item-1820\" class=\"e-n-accordion-item\" open>\n\t\t\t\t<summary class=\"e-n-accordion-item-title\" data-accordion-index=\"1\" tabindex=\"0\" aria-expanded=\"true\" aria-controls=\"e-n-accordion-item-1820\" >\n\t\t\t\t\t<span class='e-n-accordion-item-title-header'><div class=\"e-n-accordion-item-title-text\"> \u00bfC\u00f3mo funciona el plan de pagos? <\/div><\/span>\n\t\t\t\t\t\t\t<span class='e-n-accordion-item-title-icon'>\n\t\t\t<span class='e-opened' ><svg aria-hidden=\"true\" class=\"e-font-icon-svg e-fas-minus\" viewBox=\"0 0 448 512\" xmlns=\"http:\/\/www.w3.org\/2000\/svg\"><path d=\"M416 208H32c-17.67 0-32 14.33-32 32v32c0 17.67 14.33 32 32 32h384c17.67 0 32-14.33 32-32v-32c0-17.67-14.33-32-32-32z\"><\/path><\/svg><\/span>\n\t\t\t<span class='e-closed'><svg aria-hidden=\"true\" class=\"e-font-icon-svg e-fas-plus\" viewBox=\"0 0 448 512\" xmlns=\"http:\/\/www.w3.org\/2000\/svg\"><path d=\"M416 208H272V64c0-17.67-14.33-32-32-32h-32c-17.67 0-32 14.33-32 32v144H32c-17.67 0-32 14.33-32 32v32c0 17.67 14.33 32 32 32h144v144c0 17.67 14.33 32 32 32h32c17.67 0 32-14.33 32-32V304h144c17.67 0 32-14.33 32-32v-32c0-17.67-14.33-32-32-32z\"><\/path><\/svg><\/span>\n\t\t<\/span>\n\n\t\t\t\t\t\t<\/summary>\n\t\t\t\t<div role=\"region\" aria-labelledby=\"e-n-accordion-item-1820\" class=\"elementor-element elementor-element-9ac3942 e-con-full e-flex e-con e-child\" data-id=\"9ac3942\" data-element_type=\"container\">\n\t\t\t\t<div class=\"elementor-element elementor-element-9037b40 elementor-widget elementor-widget-text-editor\" data-id=\"9037b40\" data-element_type=\"widget\" data-widget_type=\"text-editor.default\">\n\t\t\t\t\t\t\t\t\t<p>El plan est\u00e1ndar de pagos se realiza de la siguiente manera:\u00a0<\/p><p>Cuota inicial \u2013 40 % del valor total que se paga en tres pasos.<\/p><p>\u00a0<\/p><ul><li aria-level=\"1\">El primer paso, es el pago de una cuota de reserva del inmueble que se puede hacer online de 1 mill\u00f3n de pesos.<\/li><li aria-level=\"1\">El segundo paso es completar un monto equivalente al 5% del valor total del inmueble para separar el apartamento de tu elecci\u00f3n. Este monto, incluye el valor de la cuota de reserva y se debe realizar en 10 d\u00edas h\u00e1biles.\u00a0<\/li><li aria-level=\"1\">El 35 % restante se paga de forma mensual, desde la fecha de compra, hasta la fecha de entrega del proyecto. Con IVIN, puedes personalizar tu plan de pago, en el que ajustas tus cuotas mensuales de acuerdo a tu presupuesto y capacidad de pago.\u00a0<\/li><\/ul><p>Saldo a escritura \u2013 60 % del valor total<\/p><ul><li aria-level=\"1\">Se paga al momento de la escrituraci\u00f3n, es decir, cuando se hace la entrega legal del inmueble.<\/li><\/ul>\t\t\t\t\t\t\t\t<\/div>\n\t\t\t\t<\/div>\n\t\t\t\t\t<\/details>\n\t\t\t\t\t\t<details id=\"e-n-accordion-item-1821\" class=\"e-n-accordion-item\" >\n\t\t\t\t<summary class=\"e-n-accordion-item-title\" data-accordion-index=\"2\" tabindex=\"-1\" aria-expanded=\"false\" aria-controls=\"e-n-accordion-item-1821\" >\n\t\t\t\t\t<span class='e-n-accordion-item-title-header'><div class=\"e-n-accordion-item-title-text\"> \u00bfSi abono un mayor porcentaje de cuota inicial recibir\u00e9 alg\u00fan beneficio o descuento? <\/div><\/span>\n\t\t\t\t\t\t\t<span class='e-n-accordion-item-title-icon'>\n\t\t\t<span class='e-opened' ><svg aria-hidden=\"true\" class=\"e-font-icon-svg e-fas-minus\" viewBox=\"0 0 448 512\" xmlns=\"http:\/\/www.w3.org\/2000\/svg\"><path d=\"M416 208H32c-17.67 0-32 14.33-32 32v32c0 17.67 14.33 32 32 32h384c17.67 0 32-14.33 32-32v-32c0-17.67-14.33-32-32-32z\"><\/path><\/svg><\/span>\n\t\t\t<span class='e-closed'><svg aria-hidden=\"true\" class=\"e-font-icon-svg e-fas-plus\" viewBox=\"0 0 448 512\" xmlns=\"http:\/\/www.w3.org\/2000\/svg\"><path d=\"M416 208H272V64c0-17.67-14.33-32-32-32h-32c-17.67 0-32 14.33-32 32v144H32c-17.67 0-32 14.33-32 32v32c0 17.67 14.33 32 32 32h144v144c0 17.67 14.33 32 32 32h32c17.67 0 32-14.33 32-32V304h144c17.67 0 32-14.33 32-32v-32c0-17.67-14.33-32-32-32z\"><\/path><\/svg><\/span>\n\t\t<\/span>\n\n\t\t\t\t\t\t<\/summary>\n\t\t\t\t<div role=\"region\" aria-labelledby=\"e-n-accordion-item-1821\" class=\"elementor-element elementor-element-3914baf e-con-full e-flex e-con e-child\" data-id=\"3914baf\" data-element_type=\"container\">\n\t\t\t\t<div class=\"elementor-element elementor-element-05b467e elementor-widget elementor-widget-text-editor\" data-id=\"05b467e\" data-element_type=\"widget\" data-widget_type=\"text-editor.default\">\n\t\t\t\t\t\t\t\t\t<p>Si, en caso de pagar un mayor porcentaje del valor total del inmueble en cuota inicial, o realizar tus pagos en un menor n\u00famero de cuotas (10). Recibes un descuento fijo al finalizar la totalidad de los pagos.<\/p><p>En el caso contrario, si eliges separar tu apartamento con un 30% del valor total como cuota inicial (monto m\u00ednimo) y pagas en un mayor n\u00famero de cuotas, podr\u00edas terminar pagando un monto extra de inter\u00e9s.<\/p>\t\t\t\t\t\t\t\t<\/div>\n\t\t\t\t<\/div>\n\t\t\t\t\t<\/details>\n\t\t\t\t\t\t<details id=\"e-n-accordion-item-1822\" class=\"e-n-accordion-item\" >\n\t\t\t\t<summary class=\"e-n-accordion-item-title\" data-accordion-index=\"3\" tabindex=\"-1\" aria-expanded=\"false\" aria-controls=\"e-n-accordion-item-1822\" >\n\t\t\t\t\t<span class='e-n-accordion-item-title-header'><div class=\"e-n-accordion-item-title-text\"> \u00bfQui\u00e9n es el operador inmobiliario y cu\u00e1les son sus responsabilidades? <\/div><\/span>\n\t\t\t\t\t\t\t<span class='e-n-accordion-item-title-icon'>\n\t\t\t<span class='e-opened' ><svg aria-hidden=\"true\" class=\"e-font-icon-svg e-fas-minus\" viewBox=\"0 0 448 512\" xmlns=\"http:\/\/www.w3.org\/2000\/svg\"><path d=\"M416 208H32c-17.67 0-32 14.33-32 32v32c0 17.67 14.33 32 32 32h384c17.67 0 32-14.33 32-32v-32c0-17.67-14.33-32-32-32z\"><\/path><\/svg><\/span>\n\t\t\t<span class='e-closed'><svg aria-hidden=\"true\" class=\"e-font-icon-svg e-fas-plus\" viewBox=\"0 0 448 512\" xmlns=\"http:\/\/www.w3.org\/2000\/svg\"><path d=\"M416 208H272V64c0-17.67-14.33-32-32-32h-32c-17.67 0-32 14.33-32 32v144H32c-17.67 0-32 14.33-32 32v32c0 17.67 14.33 32 32 32h144v144c0 17.67 14.33 32 32 32h32c17.67 0 32-14.33 32-32V304h144c17.67 0 32-14.33 32-32v-32c0-17.67-14.33-32-32-32z\"><\/path><\/svg><\/span>\n\t\t<\/span>\n\n\t\t\t\t\t\t<\/summary>\n\t\t\t\t<div role=\"region\" aria-labelledby=\"e-n-accordion-item-1822\" class=\"elementor-element elementor-element-f99c462 e-con-full e-flex e-con e-child\" data-id=\"f99c462\" data-element_type=\"container\">\n\t\t\t\t<div class=\"elementor-element elementor-element-c831f36 elementor-widget elementor-widget-text-editor\" data-id=\"c831f36\" data-element_type=\"widget\" data-widget_type=\"text-editor.default\">\n\t\t\t\t\t\t\t\t\t<p><b>El operador inmobiliario es la persona o empresa que se encarga de toda la gesti\u00f3n administrativa del inmueble.<\/b> Se escoge por medio de una reuni\u00f3n de propietarios, una vez se entregue el proyecto. Debido a que cada operador tiene su propio modelo de gesti\u00f3n y ofrece diferentes servicios, son los due\u00f1os quienes deciden cu\u00e1les planes administrativos usar\u00e1n.<\/p><p>Por ejemplo, en IVIN 567 el operador es Atelier de Sable, una empresa especializada en la administraci\u00f3n de unidades para rentas cortas de uso tur\u00edstico. Para este proyecto, el operador se encarga de la gesti\u00f3n integral, liberando al propietario de todas las tareas de administraci\u00f3n.<\/p><p>\u00a0<\/p><p><b>Normalmente, un operador inmobiliario se encarga de:<\/b><\/p><ul><li aria-level=\"1\">Recibir solicitudes de arriendo<\/li><li aria-level=\"1\">Evaluar a los posibles inquilinos<\/li><li aria-level=\"1\">Entregar el inmueble<\/li><li aria-level=\"1\">Cobrar las rentas<\/li><li aria-level=\"1\">Realizar mantenimiento<\/li><li aria-level=\"1\">Girar los recaudos a la cuenta del propietario<\/li><\/ul><p>Es importante destacar que el modelo de recaudo es la bolsa com\u00fan. Por lo que, a\u00fan si no consigues rentar tu apartamento durante un mes, seguir\u00e1s recibiendo ingresos de acuerdo a tu coeficiente de \u00e1rea (tama\u00f1o del inmueble).<\/p>\t\t\t\t\t\t\t\t<\/div>\n\t\t\t\t<\/div>\n\t\t\t\t\t<\/details>\n\t\t\t\t\t\t<details id=\"e-n-accordion-item-1823\" class=\"e-n-accordion-item\" >\n\t\t\t\t<summary class=\"e-n-accordion-item-title\" data-accordion-index=\"4\" tabindex=\"-1\" aria-expanded=\"false\" aria-controls=\"e-n-accordion-item-1823\" >\n\t\t\t\t\t<span class='e-n-accordion-item-title-header'><div class=\"e-n-accordion-item-title-text\"> \u00bfC\u00f3mo se entrega el inmueble, est\u00e1 amueblado o no? <\/div><\/span>\n\t\t\t\t\t\t\t<span class='e-n-accordion-item-title-icon'>\n\t\t\t<span class='e-opened' ><svg aria-hidden=\"true\" class=\"e-font-icon-svg e-fas-minus\" viewBox=\"0 0 448 512\" xmlns=\"http:\/\/www.w3.org\/2000\/svg\"><path d=\"M416 208H32c-17.67 0-32 14.33-32 32v32c0 17.67 14.33 32 32 32h384c17.67 0 32-14.33 32-32v-32c0-17.67-14.33-32-32-32z\"><\/path><\/svg><\/span>\n\t\t\t<span class='e-closed'><svg aria-hidden=\"true\" class=\"e-font-icon-svg e-fas-plus\" viewBox=\"0 0 448 512\" xmlns=\"http:\/\/www.w3.org\/2000\/svg\"><path d=\"M416 208H272V64c0-17.67-14.33-32-32-32h-32c-17.67 0-32 14.33-32 32v144H32c-17.67 0-32 14.33-32 32v32c0 17.67 14.33 32 32 32h144v144c0 17.67 14.33 32 32 32h32c17.67 0 32-14.33 32-32V304h144c17.67 0 32-14.33 32-32v-32c0-17.67-14.33-32-32-32z\"><\/path><\/svg><\/span>\n\t\t<\/span>\n\n\t\t\t\t\t\t<\/summary>\n\t\t\t\t<div role=\"region\" aria-labelledby=\"e-n-accordion-item-1823\" class=\"elementor-element elementor-element-0557de2 e-flex e-con-boxed e-con e-child\" data-id=\"0557de2\" data-element_type=\"container\">\n\t\t\t\t\t<div class=\"e-con-inner\">\n\t\t\t\t<div class=\"elementor-element elementor-element-a77d582 elementor-widget elementor-widget-text-editor\" data-id=\"a77d582\" data-element_type=\"widget\" data-widget_type=\"text-editor.default\">\n\t\t\t\t\t\t\t\t\t<p>Los apartamentos se entregan con acabados terminados y equipos esenciales. Esto incluye:<\/p><ol><li aria-level=\"1\">Mobiliario b\u00e1sico de cocina<\/li><li aria-level=\"1\">Closet<\/li><li aria-level=\"1\">Ba\u00f1o equipado con inodoro y lavamanos.<\/li><\/ol>\t\t\t\t\t\t\t\t<\/div>\n\t\t\t\t\t<\/div>\n\t\t\t\t<\/div>\n\t\t\t\t\t<\/details>\n\t\t\t\t\t\t<details id=\"e-n-accordion-item-1824\" class=\"e-n-accordion-item\" >\n\t\t\t\t<summary class=\"e-n-accordion-item-title\" data-accordion-index=\"5\" tabindex=\"-1\" aria-expanded=\"false\" aria-controls=\"e-n-accordion-item-1824\" >\n\t\t\t\t\t<span class='e-n-accordion-item-title-header'><div class=\"e-n-accordion-item-title-text\"> \u00bfCu\u00e1nto cuesta la administraci\u00f3n? <\/div><\/span>\n\t\t\t\t\t\t\t<span class='e-n-accordion-item-title-icon'>\n\t\t\t<span class='e-opened' ><svg aria-hidden=\"true\" class=\"e-font-icon-svg e-fas-minus\" viewBox=\"0 0 448 512\" xmlns=\"http:\/\/www.w3.org\/2000\/svg\"><path d=\"M416 208H32c-17.67 0-32 14.33-32 32v32c0 17.67 14.33 32 32 32h384c17.67 0 32-14.33 32-32v-32c0-17.67-14.33-32-32-32z\"><\/path><\/svg><\/span>\n\t\t\t<span class='e-closed'><svg aria-hidden=\"true\" class=\"e-font-icon-svg e-fas-plus\" viewBox=\"0 0 448 512\" xmlns=\"http:\/\/www.w3.org\/2000\/svg\"><path d=\"M416 208H272V64c0-17.67-14.33-32-32-32h-32c-17.67 0-32 14.33-32 32v144H32c-17.67 0-32 14.33-32 32v32c0 17.67 14.33 32 32 32h144v144c0 17.67 14.33 32 32 32h32c17.67 0 32-14.33 32-32V304h144c17.67 0 32-14.33 32-32v-32c0-17.67-14.33-32-32-32z\"><\/path><\/svg><\/span>\n\t\t<\/span>\n\n\t\t\t\t\t\t<\/summary>\n\t\t\t\t<div role=\"region\" aria-labelledby=\"e-n-accordion-item-1824\" class=\"elementor-element elementor-element-01c3865 e-flex e-con-boxed e-con e-child\" data-id=\"01c3865\" data-element_type=\"container\">\n\t\t\t\t\t<div class=\"e-con-inner\">\n\t\t\t\t<div class=\"elementor-element elementor-element-8073506 elementor-widget elementor-widget-text-editor\" data-id=\"8073506\" data-element_type=\"widget\" data-widget_type=\"text-editor.default\">\n\t\t\t\t\t\t\t\t\t<p>El costo de la administraci\u00f3n de tu apartamento es aproximadamente de 15 mil pesos por metro cuadrado.<\/p>\t\t\t\t\t\t\t\t<\/div>\n\t\t\t\t\t<\/div>\n\t\t\t\t<\/div>\n\t\t\t\t\t<\/details>\n\t\t\t\t\t\t<details id=\"e-n-accordion-item-1825\" class=\"e-n-accordion-item\" >\n\t\t\t\t<summary class=\"e-n-accordion-item-title\" data-accordion-index=\"6\" tabindex=\"-1\" aria-expanded=\"false\" aria-controls=\"e-n-accordion-item-1825\" >\n\t\t\t\t\t<span class='e-n-accordion-item-title-header'><div class=\"e-n-accordion-item-title-text\"> \u00bfCu\u00e1ndo se entrega el proyecto? <\/div><\/span>\n\t\t\t\t\t\t\t<span class='e-n-accordion-item-title-icon'>\n\t\t\t<span class='e-opened' ><svg aria-hidden=\"true\" class=\"e-font-icon-svg e-fas-minus\" viewBox=\"0 0 448 512\" xmlns=\"http:\/\/www.w3.org\/2000\/svg\"><path d=\"M416 208H32c-17.67 0-32 14.33-32 32v32c0 17.67 14.33 32 32 32h384c17.67 0 32-14.33 32-32v-32c0-17.67-14.33-32-32-32z\"><\/path><\/svg><\/span>\n\t\t\t<span class='e-closed'><svg aria-hidden=\"true\" class=\"e-font-icon-svg e-fas-plus\" viewBox=\"0 0 448 512\" xmlns=\"http:\/\/www.w3.org\/2000\/svg\"><path d=\"M416 208H272V64c0-17.67-14.33-32-32-32h-32c-17.67 0-32 14.33-32 32v144H32c-17.67 0-32 14.33-32 32v32c0 17.67 14.33 32 32 32h144v144c0 17.67 14.33 32 32 32h32c17.67 0 32-14.33 32-32V304h144c17.67 0 32-14.33 32-32v-32c0-17.67-14.33-32-32-32z\"><\/path><\/svg><\/span>\n\t\t<\/span>\n\n\t\t\t\t\t\t<\/summary>\n\t\t\t\t<div role=\"region\" aria-labelledby=\"e-n-accordion-item-1825\" class=\"elementor-element elementor-element-c7c2499 e-flex e-con-boxed e-con e-child\" data-id=\"c7c2499\" data-element_type=\"container\">\n\t\t\t\t\t<div class=\"e-con-inner\">\n\t\t\t\t<div class=\"elementor-element elementor-element-1182188 elementor-widget elementor-widget-text-editor\" data-id=\"1182188\" data-element_type=\"widget\" data-widget_type=\"text-editor.default\">\n\t\t\t\t\t\t\t\t\t<p>La fecha de entrega var\u00edan de acuerdo al proyecto en cuesti\u00f3n:<\/p><p><strong>IVIN 567<\/strong>: Entregado y en operaci\u00f3n.<\/p><p><strong>IVIN Lago<\/strong>: Octubre 2027<\/p><p><strong>IVIN Refugio<\/strong>: Diciembre 2027<\/p>\t\t\t\t\t\t\t\t<\/div>\n\t\t\t\t\t<\/div>\n\t\t\t\t<\/div>\n\t\t\t\t\t<\/details>\n\t\t\t\t\t<\/div>\n\t\t\t\t\t\t<\/div>\n\t\t\t\t\t<\/div>\n\t\t\t\t<\/div>\n\t\t\t\t<\/div>\n\t\t","protected":false},"excerpt":{"rendered":"<p>Preguntas frecuentes \u00bfC\u00f3mo funciona el plan de pagos? El plan est\u00e1ndar de pagos se realiza de la siguiente manera:\u00a0 Cuota inicial \u2013 40 % del valor total que se paga en tres pasos. \u00a0 El primer paso, es el pago de una cuota de reserva del inmueble que se puede hacer online de 1 mill\u00f3n [&hellip;]<\/p>\n","protected":false},"author":1,"featured_media":0,"parent":0,"menu_order":0,"comment_status":"closed","ping_status":"closed","template":"","meta":{"_acf_changed":false,"footnotes":""},"class_list":["post-2372","page","type-page","status-publish","hentry"],"acf":[],"_links":{"self":[{"href":"https:\/\/dev.egt.com.co\/ivin_elementor\/wp-json\/wp\/v2\/pages\/2372","targetHints":{"allow":["GET"]}}],"collection":[{"href":"https:\/\/dev.egt.com.co\/ivin_elementor\/wp-json\/wp\/v2\/pages"}],"about":[{"href":"https:\/\/dev.egt.com.co\/ivin_elementor\/wp-json\/wp\/v2\/types\/page"}],"author":[{"embeddable":true,"href":"https:\/\/dev.egt.com.co\/ivin_elementor\/wp-json\/wp\/v2\/users\/1"}],"replies":[{"embeddable":true,"href":"https:\/\/dev.egt.com.co\/ivin_elementor\/wp-json\/wp\/v2\/comments?post=2372"}],"version-history":[{"count":16,"href":"https:\/\/dev.egt.com.co\/ivin_elementor\/wp-json\/wp\/v2\/pages\/2372\/revisions"}],"predecessor-version":[{"id":2407,"href":"https:\/\/dev.egt.com.co\/ivin_elementor\/wp-json\/wp\/v2\/pages\/2372\/revisions\/2407"}],"wp:attachment":[{"href":"https:\/\/dev.egt.com.co\/ivin_elementor\/wp-json\/wp\/v2\/media?parent=2372"}],"curies":[{"name":"wp","href":"https:\/\/api.w.org\/{rel}","templated":true}]}}