{"id":447,"date":"2025-01-31T20:16:55","date_gmt":"2025-01-31T20:16:55","guid":{"rendered":"https:\/\/dev.egt.com.co\/ivin_elementor\/?post_type=product&#038;p=447"},"modified":"2025-11-30T14:12:31","modified_gmt":"2025-11-30T19:12:31","slug":"ivin-lago","status":"publish","type":"product","link":"https:\/\/dev.egt.com.co\/ivin_elementor\/proyecto\/ivin-lago\/","title":{"rendered":"IVIN Lago"},"content":{"rendered":"\t\t<div data-elementor-type=\"product-post\" data-elementor-id=\"447\" class=\"elementor elementor-447\" data-elementor-post-type=\"product\">\n\t\t\t\t<div class=\"elementor-element elementor-element-345ae74 e-flex e-con-boxed e-con e-parent\" data-id=\"345ae74\" data-element_type=\"container\">\n\t\t\t\t\t<div class=\"e-con-inner\">\n\t\t<div class=\"elementor-element elementor-element-a45d9cc e-con-full e-flex e-con e-child\" data-id=\"a45d9cc\" data-element_type=\"container\">\n\t\t<div class=\"elementor-element elementor-element-138035f e-con-full e-flex e-con e-child\" data-id=\"138035f\" data-element_type=\"container\" data-settings=\"{&quot;background_background&quot;:&quot;classic&quot;}\">\n\t\t\t\t<div class=\"elementor-element elementor-element-1210b1e elementor-view-default elementor-position-block-start elementor-mobile-position-block-start elementor-widget elementor-widget-icon-box\" data-id=\"1210b1e\" data-element_type=\"widget\" data-widget_type=\"icon-box.default\">\n\t\t\t\t\t\t\t<div class=\"elementor-icon-box-wrapper\">\n\n\t\t\t\t\t\t<div class=\"elementor-icon-box-icon\">\n\t\t\t\t<span  class=\"elementor-icon\">\n\t\t\t\t<svg aria-hidden=\"true\" class=\"e-font-icon-svg e-fas-map-marker-alt\" viewBox=\"0 0 384 512\" xmlns=\"http:\/\/www.w3.org\/2000\/svg\"><path d=\"M172.268 501.67C26.97 291.031 0 269.413 0 192 0 85.961 85.961 0 192 0s192 85.961 192 192c0 77.413-26.97 99.031-172.268 309.67-9.535 13.774-29.93 13.773-39.464 0zM192 272c44.183 0 80-35.817 80-80s-35.817-80-80-80-80 35.817-80 80 35.817 80 80 80z\"><\/path><\/svg>\t\t\t\t<\/span>\n\t\t\t<\/div>\n\t\t\t\n\t\t\t\t\t\t<div class=\"elementor-icon-box-content\">\n\n\t\t\t\t\t\t\t\t\t<h3 class=\"elementor-icon-box-title\">\n\t\t\t\t\t\t<span  >\n\t\t\t\t\t\t\tUbicaci\u00f3n\t\t\t\t\t\t<\/span>\n\t\t\t\t\t<\/h3>\n\t\t\t\t\n\t\t\t\t\t\t\t\t\t<p class=\"elementor-icon-box-description\">\n\t\t\t\t\t\tCarrera 16a # 79-76 Bogot\u00e1, Colombia\t\t\t\t\t<\/p>\n\t\t\t\t\n\t\t\t<\/div>\n\t\t\t\n\t\t<\/div>\n\t\t\t\t\t\t<\/div>\n\t\t\t\t<\/div>\n\t\t<div class=\"elementor-element elementor-element-2699826 e-con-full e-flex e-con e-child\" data-id=\"2699826\" data-element_type=\"container\" data-settings=\"{&quot;background_background&quot;:&quot;classic&quot;}\">\n\t\t\t\t<div class=\"elementor-element elementor-element-0b20f55 elementor-view-default elementor-position-block-start elementor-mobile-position-block-start elementor-widget elementor-widget-icon-box\" data-id=\"0b20f55\" data-element_type=\"widget\" data-widget_type=\"icon-box.default\">\n\t\t\t\t\t\t\t<div class=\"elementor-icon-box-wrapper\">\n\n\t\t\t\t\t\t<div class=\"elementor-icon-box-icon\">\n\t\t\t\t<span  class=\"elementor-icon\">\n\t\t\t\t<i aria-hidden=\"true\" class=\"icon icon-ico-fiducia\"><\/i>\t\t\t\t<\/span>\n\t\t\t<\/div>\n\t\t\t\n\t\t\t\t\t\t<div class=\"elementor-icon-box-content\">\n\n\t\t\t\t\t\t\t\t\t<h3 class=\"elementor-icon-box-title\">\n\t\t\t\t\t\t<span  >\n\t\t\t\t\t\t\tFiducia\t\t\t\t\t\t<\/span>\n\t\t\t\t\t<\/h3>\n\t\t\t\t\n\t\t\t\t\t\t\t\t\t<p class=\"elementor-icon-box-description\">\n\t\t\t\t\t\tFiducia Banco de Bogot\u00e1\t\t\t\t\t<\/p>\n\t\t\t\t\n\t\t\t<\/div>\n\t\t\t\n\t\t<\/div>\n\t\t\t\t\t\t<\/div>\n\t\t\t\t<\/div>\n\t\t<div class=\"elementor-element elementor-element-d4a2111 e-con-full e-flex e-con e-child\" data-id=\"d4a2111\" data-element_type=\"container\" data-settings=\"{&quot;background_background&quot;:&quot;classic&quot;}\">\n\t\t\t\t<div class=\"elementor-element elementor-element-2d16659 elementor-view-default elementor-position-block-start elementor-mobile-position-block-start elementor-widget elementor-widget-icon-box\" data-id=\"2d16659\" data-element_type=\"widget\" data-widget_type=\"icon-box.default\">\n\t\t\t\t\t\t\t<div class=\"elementor-icon-box-wrapper\">\n\n\t\t\t\t\t\t<div class=\"elementor-icon-box-icon\">\n\t\t\t\t<span  class=\"elementor-icon\">\n\t\t\t\t<i aria-hidden=\"true\" class=\"icon icon-ico-ventas\"><\/i>\t\t\t\t<\/span>\n\t\t\t<\/div>\n\t\t\t\n\t\t\t\t\t\t<div class=\"elementor-icon-box-content\">\n\n\t\t\t\t\t\t\t\t\t<h3 class=\"elementor-icon-box-title\">\n\t\t\t\t\t\t<span  >\n\t\t\t\t\t\t\tPorcentaje de ventas\t\t\t\t\t\t<\/span>\n\t\t\t\t\t<\/h3>\n\t\t\t\t\n\t\t\t\t\t\t\t\t\t<p class=\"elementor-icon-box-description\">\n\t\t\t\t\t\t60%\t\t\t\t\t<\/p>\n\t\t\t\t\n\t\t\t<\/div>\n\t\t\t\n\t\t<\/div>\n\t\t\t\t\t\t<\/div>\n\t\t\t\t<\/div>\n\t\t<div class=\"elementor-element elementor-element-f064cbd e-con-full e-flex e-con e-child\" data-id=\"f064cbd\" data-element_type=\"container\" data-settings=\"{&quot;background_background&quot;:&quot;classic&quot;}\">\n\t\t\t\t<div class=\"elementor-element elementor-element-188ff84 elementor-view-default elementor-position-block-start elementor-mobile-position-block-start elementor-widget elementor-widget-icon-box\" data-id=\"188ff84\" data-element_type=\"widget\" data-widget_type=\"icon-box.default\">\n\t\t\t\t\t\t\t<div class=\"elementor-icon-box-wrapper\">\n\n\t\t\t\t\t\t<div class=\"elementor-icon-box-icon\">\n\t\t\t\t<span  class=\"elementor-icon\">\n\t\t\t\t<i aria-hidden=\"true\" class=\"icon icon-ico-obra\"><\/i>\t\t\t\t<\/span>\n\t\t\t<\/div>\n\t\t\t\n\t\t\t\t\t\t<div class=\"elementor-icon-box-content\">\n\n\t\t\t\t\t\t\t\t\t<h3 class=\"elementor-icon-box-title\">\n\t\t\t\t\t\t<span  >\n\t\t\t\t\t\t\tAvance de obra\t\t\t\t\t\t<\/span>\n\t\t\t\t\t<\/h3>\n\t\t\t\t\n\t\t\t\t\t\t\t\t\t<p class=\"elementor-icon-box-description\">\n\t\t\t\t\t\t 20%\t\t\t\t\t<\/p>\n\t\t\t\t\n\t\t\t<\/div>\n\t\t\t\n\t\t<\/div>\n\t\t\t\t\t\t<\/div>\n\t\t\t\t<\/div>\n\t\t\t\t<\/div>\n\t\t<div class=\"elementor-element elementor-element-55d90ca e-con-full e-flex e-con e-child\" data-id=\"55d90ca\" data-element_type=\"container\" data-settings=\"{&quot;background_background&quot;:&quot;classic&quot;}\">\n\t\t\t\t<div class=\"elementor-element elementor-element-2a5f974 elementor-widget elementor-widget-heading\" data-id=\"2a5f974\" data-element_type=\"widget\" data-widget_type=\"heading.default\">\n\t\t\t\t\t<h2 class=\"elementor-heading-title elementor-size-default\">Zonas comunes<\/h2>\t\t\t\t<\/div>\n\t\t\t\t<div class=\"elementor-element elementor-element-46a5ff8 elementor-widget elementor-widget-text-editor\" data-id=\"46a5ff8\" data-element_type=\"widget\" data-widget_type=\"text-editor.default\">\n\t\t\t\t\t\t\t\t\t<ul><li>Coworking<\/li><li>Terraza comunal<\/li><li>Gimnasio<\/li><li>Lavander\u00eda<\/li><li>Lobby<\/li><li>Cocina lounge<\/li><li>Espacios para conectar, vivir y trabajar<\/li><\/ul>\t\t\t\t\t\t\t\t<\/div>\n\t\t\t\t<\/div>\n\t\t\t\t\t<\/div>\n\t\t\t\t<\/div>\n\t\t<div class=\"elementor-element elementor-element-50c16c3 e-flex e-con-boxed e-con e-parent\" data-id=\"50c16c3\" data-element_type=\"container\">\n\t\t\t\t\t<div class=\"e-con-inner\">\n\t\t\t\t<div class=\"elementor-element elementor-element-d82d6d7 elementor-widget elementor-widget-heading\" data-id=\"d82d6d7\" data-element_type=\"widget\" data-widget_type=\"heading.default\">\n\t\t\t\t\t<h2 class=\"elementor-heading-title elementor-size-default\">Puntos de inter\u00e9s<\/h2>\t\t\t\t<\/div>\n\t\t\t\t<div class=\"elementor-element elementor-element-aac6d55 elementor-widget elementor-widget-text-editor\" data-id=\"aac6d55\" data-element_type=\"widget\" data-widget_type=\"text-editor.default\">\n\t\t\t\t\t\t\t\t\t<p>IVIN Lago est\u00e1 ah\u00ed, los lugares que amas est\u00e1n a menos de 20 minutos caminando: el centro comercial Andino, Retiro, centros de salud y belleza (Cl\u00ednica del country), Atlantis y la Zona T con todas sus opciones gastron\u00f3micas y entretenimiento.<\/p><p>Adem\u00e1s, las diferentes v\u00edas de acceso que tienes cerca (carrera 7ma, carrera 11 o la Caracas), te facilitan llegar al resto de la ciudad.\u00a0<\/p>\t\t\t\t\t\t\t\t<\/div>\n\t\t\t\t<div class=\"elementor-element elementor-element-941ca92 elementor-widget elementor-widget-html\" data-id=\"941ca92\" data-element_type=\"widget\" data-widget_type=\"html.default\">\n\t\t\t\t\t<iframe src=\"https:\/\/www.google.com\/maps\/d\/u\/1\/embed?mid=1xKjfS0Xu7kqMUlzJdSL6DJGVNKLk1Xg&ehbc=2E312F&noprof=1\" width=\"640\" height=\"480\"><\/iframe>\t\t\t\t<\/div>\n\t\t\t\t\t<\/div>\n\t\t\t\t<\/div>\n\t\t\t\t<\/div>\n\t\t","protected":false},"excerpt":{"rendered":"<p>&nbsp; Ubicaci\u00f3n Carrera 16a # 79-76 Bogot\u00e1, Colombia Fiducia Fiducia Banco de Bogot\u00e1 Porcentaje de ventas 60% Avance de obra 20% Zonas comunes Coworking Terraza comunal Gimnasio Lavander\u00eda Lobby Cocina lounge Espacios para conectar, vivir y trabajar Puntos de inter\u00e9s IVIN Lago est\u00e1 ah\u00ed, los lugares que amas est\u00e1n a menos de 20 minutos caminando: [&hellip;]<\/p>\n","protected":false},"featured_media":535,"template":"","meta":{"_acf_changed":false},"product_brand":[],"product_cat":[16],"product_tag":[],"class_list":{"0":"post-447","1":"product","2":"type-product","3":"status-publish","4":"has-post-thumbnail","6":"product_cat-sin-categorizar","8":"first","9":"instock","10":"shipping-taxable","11":"purchasable","12":"product-type-simple"},"acf":{"photo_gallery":{"imagenes":[[{"id":816,"title":"Copy of IVIN EL LAGO_FACHADA_2023","caption":"","full_image_url":"https:\/\/dev.egt.com.co\/ivin_elementor\/wp-content\/uploads\/2025\/01\/Copy-of-IVIN-EL-LAGO_FACHADA_2023.jpg","thumbnail_image_url":"https:\/\/dev.egt.com.co\/ivin_elementor\/wp-content\/uploads\/2025\/01\/Copy-of-IVIN-EL-LAGO_FACHADA_2023-150x150.jpg","large_srcset":"https:\/\/dev.egt.com.co\/ivin_elementor\/wp-content\/uploads\/2025\/01\/Copy-of-IVIN-EL-LAGO_FACHADA_2023-818x1024.jpg 818w, https:\/\/dev.egt.com.co\/ivin_elementor\/wp-content\/uploads\/2025\/01\/Copy-of-IVIN-EL-LAGO_FACHADA_2023-240x300.jpg 240w, https:\/\/dev.egt.com.co\/ivin_elementor\/wp-content\/uploads\/2025\/01\/Copy-of-IVIN-EL-LAGO_FACHADA_2023-768x961.jpg 768w, https:\/\/dev.egt.com.co\/ivin_elementor\/wp-content\/uploads\/2025\/01\/Copy-of-IVIN-EL-LAGO_FACHADA_2023-1227x1536.jpg 1227w, https:\/\/dev.egt.com.co\/ivin_elementor\/wp-content\/uploads\/2025\/01\/Copy-of-IVIN-EL-LAGO_FACHADA_2023-600x751.jpg 600w, https:\/\/dev.egt.com.co\/ivin_elementor\/wp-content\/uploads\/2025\/01\/Copy-of-IVIN-EL-LAGO_FACHADA_2023.jpg 1600w","medium_srcset":"https:\/\/dev.egt.com.co\/ivin_elementor\/wp-content\/uploads\/2025\/01\/Copy-of-IVIN-EL-LAGO_FACHADA_2023-240x300.jpg 240w, https:\/\/dev.egt.com.co\/ivin_elementor\/wp-content\/uploads\/2025\/01\/Copy-of-IVIN-EL-LAGO_FACHADA_2023-818x1024.jpg 818w, https:\/\/dev.egt.com.co\/ivin_elementor\/wp-content\/uploads\/2025\/01\/Copy-of-IVIN-EL-LAGO_FACHADA_2023-768x961.jpg 768w, https:\/\/dev.egt.com.co\/ivin_elementor\/wp-content\/uploads\/2025\/01\/Copy-of-IVIN-EL-LAGO_FACHADA_2023-1227x1536.jpg 1227w, https:\/\/dev.egt.com.co\/ivin_elementor\/wp-content\/uploads\/2025\/01\/Copy-of-IVIN-EL-LAGO_FACHADA_2023-600x751.jpg 600w, https:\/\/dev.egt.com.co\/ivin_elementor\/wp-content\/uploads\/2025\/01\/Copy-of-IVIN-EL-LAGO_FACHADA_2023.jpg 1600w","media_details":{"width":1600,"height":2003,"sizes":{"medium":{"file":"Copy-of-IVIN-EL-LAGO_FACHADA_2023-240x300.jpg","width":240,"height":300,"mime-type":"image\/jpeg","filesize":20849,"source_url":"https:\/\/dev.egt.com.co\/ivin_elementor\/wp-content\/uploads\/2025\/01\/Copy-of-IVIN-EL-LAGO_FACHADA_2023-240x300.jpg"},"large":{"file":"Copy-of-IVIN-EL-LAGO_FACHADA_2023-818x1024.jpg","width":818,"height":1024,"mime-type":"image\/jpeg","filesize":164597,"source_url":"https:\/\/dev.egt.com.co\/ivin_elementor\/wp-content\/uploads\/2025\/01\/Copy-of-IVIN-EL-LAGO_FACHADA_2023-818x1024.jpg"},"thumbnail":{"file":"Copy-of-IVIN-EL-LAGO_FACHADA_2023-150x150.jpg","width":150,"height":150,"mime-type":"image\/jpeg","filesize":8152,"source_url":"https:\/\/dev.egt.com.co\/ivin_elementor\/wp-content\/uploads\/2025\/01\/Copy-of-IVIN-EL-LAGO_FACHADA_2023-150x150.jpg"},"medium_large":{"file":"Copy-of-IVIN-EL-LAGO_FACHADA_2023-768x961.jpg","width":768,"height":961,"mime-type":"image\/jpeg","filesize":147432,"source_url":"https:\/\/dev.egt.com.co\/ivin_elementor\/wp-content\/uploads\/2025\/01\/Copy-of-IVIN-EL-LAGO_FACHADA_2023-768x961.jpg"},"1536x1536":{"file":"Copy-of-IVIN-EL-LAGO_FACHADA_2023-1227x1536.jpg","width":1227,"height":1536,"mime-type":"image\/jpeg","filesize":338406,"source_url":"https:\/\/dev.egt.com.co\/ivin_elementor\/wp-content\/uploads\/2025\/01\/Copy-of-IVIN-EL-LAGO_FACHADA_2023-1227x1536.jpg"},"woocommerce_thumbnail":{"file":"Copy-of-IVIN-EL-LAGO_FACHADA_2023-300x300.jpg","width":300,"height":300,"mime-type":"image\/jpeg","filesize":25757,"uncropped":false,"source_url":"https:\/\/dev.egt.com.co\/ivin_elementor\/wp-content\/uploads\/2025\/01\/Copy-of-IVIN-EL-LAGO_FACHADA_2023-300x300.jpg"},"woocommerce_single":{"file":"Copy-of-IVIN-EL-LAGO_FACHADA_2023-600x751.jpg","width":600,"height":751,"mime-type":"image\/jpeg","filesize":96413,"source_url":"https:\/\/dev.egt.com.co\/ivin_elementor\/wp-content\/uploads\/2025\/01\/Copy-of-IVIN-EL-LAGO_FACHADA_2023-600x751.jpg"},"woocommerce_gallery_thumbnail":{"file":"Copy-of-IVIN-EL-LAGO_FACHADA_2023-100x100.jpg","width":100,"height":100,"mime-type":"image\/jpeg","filesize":4331,"source_url":"https:\/\/dev.egt.com.co\/ivin_elementor\/wp-content\/uploads\/2025\/01\/Copy-of-IVIN-EL-LAGO_FACHADA_2023-100x100.jpg"}}},"alt_text":"","url":"","target":""},{"id":815,"title":"Copy of IVIN EL LAGO_ZONA COMUN_1_2023","caption":"","full_image_url":"https:\/\/dev.egt.com.co\/ivin_elementor\/wp-content\/uploads\/2025\/01\/Copy-of-IVIN-EL-LAGO_ZONA-COMUN_1_2023.jpg","thumbnail_image_url":"https:\/\/dev.egt.com.co\/ivin_elementor\/wp-content\/uploads\/2025\/01\/Copy-of-IVIN-EL-LAGO_ZONA-COMUN_1_2023-150x150.jpg","large_srcset":"https:\/\/dev.egt.com.co\/ivin_elementor\/wp-content\/uploads\/2025\/01\/Copy-of-IVIN-EL-LAGO_ZONA-COMUN_1_2023-1024x576.jpg 1024w, https:\/\/dev.egt.com.co\/ivin_elementor\/wp-content\/uploads\/2025\/01\/Copy-of-IVIN-EL-LAGO_ZONA-COMUN_1_2023-300x169.jpg 300w, https:\/\/dev.egt.com.co\/ivin_elementor\/wp-content\/uploads\/2025\/01\/Copy-of-IVIN-EL-LAGO_ZONA-COMUN_1_2023-768x432.jpg 768w, https:\/\/dev.egt.com.co\/ivin_elementor\/wp-content\/uploads\/2025\/01\/Copy-of-IVIN-EL-LAGO_ZONA-COMUN_1_2023-1536x864.jpg 1536w, https:\/\/dev.egt.com.co\/ivin_elementor\/wp-content\/uploads\/2025\/01\/Copy-of-IVIN-EL-LAGO_ZONA-COMUN_1_2023-600x338.jpg 600w, https:\/\/dev.egt.com.co\/ivin_elementor\/wp-content\/uploads\/2025\/01\/Copy-of-IVIN-EL-LAGO_ZONA-COMUN_1_2023.jpg 1600w","medium_srcset":"https:\/\/dev.egt.com.co\/ivin_elementor\/wp-content\/uploads\/2025\/01\/Copy-of-IVIN-EL-LAGO_ZONA-COMUN_1_2023-300x169.jpg 300w, https:\/\/dev.egt.com.co\/ivin_elementor\/wp-content\/uploads\/2025\/01\/Copy-of-IVIN-EL-LAGO_ZONA-COMUN_1_2023-1024x576.jpg 1024w, https:\/\/dev.egt.com.co\/ivin_elementor\/wp-content\/uploads\/2025\/01\/Copy-of-IVIN-EL-LAGO_ZONA-COMUN_1_2023-768x432.jpg 768w, https:\/\/dev.egt.com.co\/ivin_elementor\/wp-content\/uploads\/2025\/01\/Copy-of-IVIN-EL-LAGO_ZONA-COMUN_1_2023-1536x864.jpg 1536w, https:\/\/dev.egt.com.co\/ivin_elementor\/wp-content\/uploads\/2025\/01\/Copy-of-IVIN-EL-LAGO_ZONA-COMUN_1_2023-600x338.jpg 600w, https:\/\/dev.egt.com.co\/ivin_elementor\/wp-content\/uploads\/2025\/01\/Copy-of-IVIN-EL-LAGO_ZONA-COMUN_1_2023.jpg 1600w","media_details":{"width":1600,"height":900,"sizes":{"medium":{"file":"Copy-of-IVIN-EL-LAGO_ZONA-COMUN_1_2023-300x169.jpg","width":300,"height":169,"mime-type":"image\/jpeg","filesize":16571,"source_url":"https:\/\/dev.egt.com.co\/ivin_elementor\/wp-content\/uploads\/2025\/01\/Copy-of-IVIN-EL-LAGO_ZONA-COMUN_1_2023-300x169.jpg"},"large":{"file":"Copy-of-IVIN-EL-LAGO_ZONA-COMUN_1_2023-1024x576.jpg","width":1024,"height":576,"mime-type":"image\/jpeg","filesize":132631,"source_url":"https:\/\/dev.egt.com.co\/ivin_elementor\/wp-content\/uploads\/2025\/01\/Copy-of-IVIN-EL-LAGO_ZONA-COMUN_1_2023-1024x576.jpg"},"thumbnail":{"file":"Copy-of-IVIN-EL-LAGO_ZONA-COMUN_1_2023-150x150.jpg","width":150,"height":150,"mime-type":"image\/jpeg","filesize":7933,"source_url":"https:\/\/dev.egt.com.co\/ivin_elementor\/wp-content\/uploads\/2025\/01\/Copy-of-IVIN-EL-LAGO_ZONA-COMUN_1_2023-150x150.jpg"},"medium_large":{"file":"Copy-of-IVIN-EL-LAGO_ZONA-COMUN_1_2023-768x432.jpg","width":768,"height":432,"mime-type":"image\/jpeg","filesize":80888,"source_url":"https:\/\/dev.egt.com.co\/ivin_elementor\/wp-content\/uploads\/2025\/01\/Copy-of-IVIN-EL-LAGO_ZONA-COMUN_1_2023-768x432.jpg"},"1536x1536":{"file":"Copy-of-IVIN-EL-LAGO_ZONA-COMUN_1_2023-1536x864.jpg","width":1536,"height":864,"mime-type":"image\/jpeg","filesize":263956,"source_url":"https:\/\/dev.egt.com.co\/ivin_elementor\/wp-content\/uploads\/2025\/01\/Copy-of-IVIN-EL-LAGO_ZONA-COMUN_1_2023-1536x864.jpg"},"woocommerce_thumbnail":{"file":"Copy-of-IVIN-EL-LAGO_ZONA-COMUN_1_2023-300x300.jpg","width":300,"height":300,"mime-type":"image\/jpeg","filesize":25686,"uncropped":false,"source_url":"https:\/\/dev.egt.com.co\/ivin_elementor\/wp-content\/uploads\/2025\/01\/Copy-of-IVIN-EL-LAGO_ZONA-COMUN_1_2023-300x300.jpg"},"woocommerce_single":{"file":"Copy-of-IVIN-EL-LAGO_ZONA-COMUN_1_2023-600x338.jpg","width":600,"height":338,"mime-type":"image\/jpeg","filesize":53417,"source_url":"https:\/\/dev.egt.com.co\/ivin_elementor\/wp-content\/uploads\/2025\/01\/Copy-of-IVIN-EL-LAGO_ZONA-COMUN_1_2023-600x338.jpg"},"woocommerce_gallery_thumbnail":{"file":"Copy-of-IVIN-EL-LAGO_ZONA-COMUN_1_2023-100x100.jpg","width":100,"height":100,"mime-type":"image\/jpeg","filesize":4108,"source_url":"https:\/\/dev.egt.com.co\/ivin_elementor\/wp-content\/uploads\/2025\/01\/Copy-of-IVIN-EL-LAGO_ZONA-COMUN_1_2023-100x100.jpg"}}},"alt_text":"","url":"","target":""},{"id":814,"title":"Copy of IVIN EL LAGO_ZONA COMUN_2_2023","caption":"","full_image_url":"https:\/\/dev.egt.com.co\/ivin_elementor\/wp-content\/uploads\/2025\/01\/Copy-of-IVIN-EL-LAGO_ZONA-COMUN_2_2023.jpg","thumbnail_image_url":"https:\/\/dev.egt.com.co\/ivin_elementor\/wp-content\/uploads\/2025\/01\/Copy-of-IVIN-EL-LAGO_ZONA-COMUN_2_2023-150x150.jpg","large_srcset":"https:\/\/dev.egt.com.co\/ivin_elementor\/wp-content\/uploads\/2025\/01\/Copy-of-IVIN-EL-LAGO_ZONA-COMUN_2_2023-1024x467.jpg 1024w, https:\/\/dev.egt.com.co\/ivin_elementor\/wp-content\/uploads\/2025\/01\/Copy-of-IVIN-EL-LAGO_ZONA-COMUN_2_2023-300x137.jpg 300w, https:\/\/dev.egt.com.co\/ivin_elementor\/wp-content\/uploads\/2025\/01\/Copy-of-IVIN-EL-LAGO_ZONA-COMUN_2_2023-768x350.jpg 768w, https:\/\/dev.egt.com.co\/ivin_elementor\/wp-content\/uploads\/2025\/01\/Copy-of-IVIN-EL-LAGO_ZONA-COMUN_2_2023-1536x701.jpg 1536w, https:\/\/dev.egt.com.co\/ivin_elementor\/wp-content\/uploads\/2025\/01\/Copy-of-IVIN-EL-LAGO_ZONA-COMUN_2_2023-600x274.jpg 600w, https:\/\/dev.egt.com.co\/ivin_elementor\/wp-content\/uploads\/2025\/01\/Copy-of-IVIN-EL-LAGO_ZONA-COMUN_2_2023.jpg 1600w","medium_srcset":"https:\/\/dev.egt.com.co\/ivin_elementor\/wp-content\/uploads\/2025\/01\/Copy-of-IVIN-EL-LAGO_ZONA-COMUN_2_2023-300x137.jpg 300w, https:\/\/dev.egt.com.co\/ivin_elementor\/wp-content\/uploads\/2025\/01\/Copy-of-IVIN-EL-LAGO_ZONA-COMUN_2_2023-1024x467.jpg 1024w, https:\/\/dev.egt.com.co\/ivin_elementor\/wp-content\/uploads\/2025\/01\/Copy-of-IVIN-EL-LAGO_ZONA-COMUN_2_2023-768x350.jpg 768w, https:\/\/dev.egt.com.co\/ivin_elementor\/wp-content\/uploads\/2025\/01\/Copy-of-IVIN-EL-LAGO_ZONA-COMUN_2_2023-1536x701.jpg 1536w, https:\/\/dev.egt.com.co\/ivin_elementor\/wp-content\/uploads\/2025\/01\/Copy-of-IVIN-EL-LAGO_ZONA-COMUN_2_2023-600x274.jpg 600w, https:\/\/dev.egt.com.co\/ivin_elementor\/wp-content\/uploads\/2025\/01\/Copy-of-IVIN-EL-LAGO_ZONA-COMUN_2_2023.jpg 1600w","media_details":{"width":1600,"height":730,"sizes":{"medium":{"file":"Copy-of-IVIN-EL-LAGO_ZONA-COMUN_2_2023-300x137.jpg","width":300,"height":137,"mime-type":"image\/jpeg","filesize":13615,"source_url":"https:\/\/dev.egt.com.co\/ivin_elementor\/wp-content\/uploads\/2025\/01\/Copy-of-IVIN-EL-LAGO_ZONA-COMUN_2_2023-300x137.jpg"},"large":{"file":"Copy-of-IVIN-EL-LAGO_ZONA-COMUN_2_2023-1024x467.jpg","width":1024,"height":467,"mime-type":"image\/jpeg","filesize":105610,"source_url":"https:\/\/dev.egt.com.co\/ivin_elementor\/wp-content\/uploads\/2025\/01\/Copy-of-IVIN-EL-LAGO_ZONA-COMUN_2_2023-1024x467.jpg"},"thumbnail":{"file":"Copy-of-IVIN-EL-LAGO_ZONA-COMUN_2_2023-150x150.jpg","width":150,"height":150,"mime-type":"image\/jpeg","filesize":7967,"source_url":"https:\/\/dev.egt.com.co\/ivin_elementor\/wp-content\/uploads\/2025\/01\/Copy-of-IVIN-EL-LAGO_ZONA-COMUN_2_2023-150x150.jpg"},"medium_large":{"file":"Copy-of-IVIN-EL-LAGO_ZONA-COMUN_2_2023-768x350.jpg","width":768,"height":350,"mime-type":"image\/jpeg","filesize":64275,"source_url":"https:\/\/dev.egt.com.co\/ivin_elementor\/wp-content\/uploads\/2025\/01\/Copy-of-IVIN-EL-LAGO_ZONA-COMUN_2_2023-768x350.jpg"},"1536x1536":{"file":"Copy-of-IVIN-EL-LAGO_ZONA-COMUN_2_2023-1536x701.jpg","width":1536,"height":701,"mime-type":"image\/jpeg","filesize":205776,"source_url":"https:\/\/dev.egt.com.co\/ivin_elementor\/wp-content\/uploads\/2025\/01\/Copy-of-IVIN-EL-LAGO_ZONA-COMUN_2_2023-1536x701.jpg"},"woocommerce_thumbnail":{"file":"Copy-of-IVIN-EL-LAGO_ZONA-COMUN_2_2023-300x300.jpg","width":300,"height":300,"mime-type":"image\/jpeg","filesize":25552,"uncropped":false,"source_url":"https:\/\/dev.egt.com.co\/ivin_elementor\/wp-content\/uploads\/2025\/01\/Copy-of-IVIN-EL-LAGO_ZONA-COMUN_2_2023-300x300.jpg"},"woocommerce_single":{"file":"Copy-of-IVIN-EL-LAGO_ZONA-COMUN_2_2023-600x274.jpg","width":600,"height":274,"mime-type":"image\/jpeg","filesize":42882,"source_url":"https:\/\/dev.egt.com.co\/ivin_elementor\/wp-content\/uploads\/2025\/01\/Copy-of-IVIN-EL-LAGO_ZONA-COMUN_2_2023-600x274.jpg"},"woocommerce_gallery_thumbnail":{"file":"Copy-of-IVIN-EL-LAGO_ZONA-COMUN_2_2023-100x100.jpg","width":100,"height":100,"mime-type":"image\/jpeg","filesize":4185,"source_url":"https:\/\/dev.egt.com.co\/ivin_elementor\/wp-content\/uploads\/2025\/01\/Copy-of-IVIN-EL-LAGO_ZONA-COMUN_2_2023-100x100.jpg"}}},"alt_text":"","url":"","target":""},{"id":2344,"title":"render","caption":"","full_image_url":"https:\/\/dev.egt.com.co\/ivin_elementor\/wp-content\/uploads\/2025\/01\/render.jpeg","thumbnail_image_url":"https:\/\/dev.egt.com.co\/ivin_elementor\/wp-content\/uploads\/2025\/01\/render-150x150.jpeg","large_srcset":"https:\/\/dev.egt.com.co\/ivin_elementor\/wp-content\/uploads\/2025\/01\/render-1024x768.jpeg 1024w, https:\/\/dev.egt.com.co\/ivin_elementor\/wp-content\/uploads\/2025\/01\/render-300x225.jpeg 300w, https:\/\/dev.egt.com.co\/ivin_elementor\/wp-content\/uploads\/2025\/01\/render-768x576.jpeg 768w, https:\/\/dev.egt.com.co\/ivin_elementor\/wp-content\/uploads\/2025\/01\/render-1536x1152.jpeg 1536w, https:\/\/dev.egt.com.co\/ivin_elementor\/wp-content\/uploads\/2025\/01\/render-600x450.jpeg 600w, https:\/\/dev.egt.com.co\/ivin_elementor\/wp-content\/uploads\/2025\/01\/render.jpeg 1600w","medium_srcset":"https:\/\/dev.egt.com.co\/ivin_elementor\/wp-content\/uploads\/2025\/01\/render-300x225.jpeg 300w, https:\/\/dev.egt.com.co\/ivin_elementor\/wp-content\/uploads\/2025\/01\/render-1024x768.jpeg 1024w, https:\/\/dev.egt.com.co\/ivin_elementor\/wp-content\/uploads\/2025\/01\/render-768x576.jpeg 768w, https:\/\/dev.egt.com.co\/ivin_elementor\/wp-content\/uploads\/2025\/01\/render-1536x1152.jpeg 1536w, https:\/\/dev.egt.com.co\/ivin_elementor\/wp-content\/uploads\/2025\/01\/render-600x450.jpeg 600w, https:\/\/dev.egt.com.co\/ivin_elementor\/wp-content\/uploads\/2025\/01\/render.jpeg 1600w","media_details":{"width":1600,"height":1200,"sizes":{"medium":{"file":"render-300x225.jpeg","width":300,"height":225,"mime-type":"image\/jpeg","filesize":18870,"source_url":"https:\/\/dev.egt.com.co\/ivin_elementor\/wp-content\/uploads\/2025\/01\/render-300x225.jpeg"},"large":{"file":"render-1024x768.jpeg","width":1024,"height":768,"mime-type":"image\/jpeg","filesize":143009,"source_url":"https:\/\/dev.egt.com.co\/ivin_elementor\/wp-content\/uploads\/2025\/01\/render-1024x768.jpeg"},"thumbnail":{"file":"render-150x150.jpeg","width":150,"height":150,"mime-type":"image\/jpeg","filesize":7501,"source_url":"https:\/\/dev.egt.com.co\/ivin_elementor\/wp-content\/uploads\/2025\/01\/render-150x150.jpeg"},"medium_large":{"file":"render-768x576.jpeg","width":768,"height":576,"mime-type":"image\/jpeg","filesize":86511,"source_url":"https:\/\/dev.egt.com.co\/ivin_elementor\/wp-content\/uploads\/2025\/01\/render-768x576.jpeg"},"1536x1536":{"file":"render-1536x1152.jpeg","width":1536,"height":1152,"mime-type":"image\/jpeg","filesize":293629,"source_url":"https:\/\/dev.egt.com.co\/ivin_elementor\/wp-content\/uploads\/2025\/01\/render-1536x1152.jpeg"},"woocommerce_thumbnail":{"file":"render-300x300.jpeg","width":300,"height":300,"mime-type":"image\/jpeg","filesize":22337,"uncropped":false,"source_url":"https:\/\/dev.egt.com.co\/ivin_elementor\/wp-content\/uploads\/2025\/01\/render-300x300.jpeg"},"woocommerce_single":{"file":"render-600x450.jpeg","width":600,"height":450,"mime-type":"image\/jpeg","filesize":57992,"source_url":"https:\/\/dev.egt.com.co\/ivin_elementor\/wp-content\/uploads\/2025\/01\/render-600x450.jpeg"},"woocommerce_gallery_thumbnail":{"file":"render-100x100.jpeg","width":100,"height":100,"mime-type":"image\/jpeg","filesize":4277,"source_url":"https:\/\/dev.egt.com.co\/ivin_elementor\/wp-content\/uploads\/2025\/01\/render-100x100.jpeg"}}},"alt_text":"","url":"","target":""}]]}},"_links":{"self":[{"href":"https:\/\/dev.egt.com.co\/ivin_elementor\/wp-json\/wp\/v2\/product\/447","targetHints":{"allow":["GET"]}}],"collection":[{"href":"https:\/\/dev.egt.com.co\/ivin_elementor\/wp-json\/wp\/v2\/product"}],"about":[{"href":"https:\/\/dev.egt.com.co\/ivin_elementor\/wp-json\/wp\/v2\/types\/product"}],"version-history":[{"count":29,"href":"https:\/\/dev.egt.com.co\/ivin_elementor\/wp-json\/wp\/v2\/product\/447\/revisions"}],"predecessor-version":[{"id":2677,"href":"https:\/\/dev.egt.com.co\/ivin_elementor\/wp-json\/wp\/v2\/product\/447\/revisions\/2677"}],"wp:featuredmedia":[{"embeddable":true,"href":"https:\/\/dev.egt.com.co\/ivin_elementor\/wp-json\/wp\/v2\/media\/535"}],"wp:attachment":[{"href":"https:\/\/dev.egt.com.co\/ivin_elementor\/wp-json\/wp\/v2\/media?parent=447"}],"wp:term":[{"taxonomy":"product_brand","embeddable":true,"href":"https:\/\/dev.egt.com.co\/ivin_elementor\/wp-json\/wp\/v2\/product_brand?post=447"},{"taxonomy":"product_cat","embeddable":true,"href":"https:\/\/dev.egt.com.co\/ivin_elementor\/wp-json\/wp\/v2\/product_cat?post=447"},{"taxonomy":"product_tag","embeddable":true,"href":"https:\/\/dev.egt.com.co\/ivin_elementor\/wp-json\/wp\/v2\/product_tag?post=447"}],"curies":[{"name":"wp","href":"https:\/\/api.w.org\/{rel}","templated":true}]}}